{"id":92,"date":"2020-02-17T21:16:49","date_gmt":"2020-02-17T20:16:49","guid":{"rendered":"http:\/\/odettekocht.de\/de\/?page_id=92"},"modified":"2020-07-19T22:17:41","modified_gmt":"2020-07-19T20:17:41","slug":"bevor-du-anfaengst","status":"publish","type":"page","link":"https:\/\/odettekocht.de\/de\/bevor-du-anfaengst\/","title":{"rendered":"Bevor Du mit dem Kochen anf\u00e4ngst"},"content":{"rendered":"\n<p>Ich koche viel intuitiv und halte mich selten an Mengenangaben. Das funktioniert beim Kochen &#8211; im Gegensatz zum Backen &#8211; ganz wunderbar. Da ich nicht davon ausgehen kann, dass Du eine versierte K\u00f6chin bzw. ein versierter Koch bist, versuche ich aber die Rezepte so zu gestalten, dass Du sie auch als Anf\u00e4nger problemlos nachkochen kannst.&nbsp;Bitte lies jedes Rezept erst ganz durch, bevor Du anf\u00e4ngst. Es hilft Dir, den Ablauf zu planen.<\/p>\n\n\n\n<p>Ich selbst habe bestimmte Nahrungsmittel-Allergien. So wirst Du bei mir keine Rezepte mit z.B. Sellerie oder Haseln\u00fcssen finden. Viele Obstsorten vertrage ich nur gegart; allerdings ist gegartes Obst f\u00fcr jeden viel besser verdaulich als im Rohzustand. Du profitierst also nur davon!\u00a0<\/p>\n\n\n\n<p>Sollten meine Rezepte Fisch oder Fleisch enthalten, versuche ich Dir &#8211; wann immer m\u00f6glich &#8211; eine vegetarische Alternative aufzuzeigen. Nat\u00fcrlich nur, wenn das Sinn macht. Den Vorschlag findest Du dann am Ende des Rezepts.<\/p>\n\n\n\n<p>Ich kaufe Obst, Gem\u00fcse und Fleisch vornehmlich in Bio-Qualit\u00e4t oder von regionalen Anbietern. Und bitte gerne saisonal. Mein Fisch kommt aus zertifizierter Zucht oder nachhaltiger Fischerei. Ich wei\u00df, dass das Thema komplex ist, aber hier soll es um Genuss gehen und nicht um Umweltpolitik. Ich versuche einfach, diese Dinge in meinem kleinen Rahmen so gut wie m\u00f6glich zu handhaben.<\/p>\n\n\n\n<p>Jeder hat einen eigenen Geschmack, also bitte probiere zwischendurch immer wieder und passe die W\u00fcrze an Deinen pers\u00f6nlichen Geschmack an!&nbsp;<\/p>\n\n\n\n<p>Vertraue auf Dein Gef\u00fchl und sei mutig! Auf geht\u2019s!<\/p>\n","protected":false},"excerpt":{"rendered":"<p>Ich koche viel intuitiv und halte mich selten an Mengenangaben. Das funktioniert beim Kochen &#8211; im Gegensatz zum Backen &#8211; ganz wunderbar. Da ich nicht davon ausgehen kann, dass Du eine versierte K\u00f6chin bzw. ein versierter Koch bist, versuche ich aber die Rezepte so zu gestalten, dass Du sie auch als Anf\u00e4nger problemlos nachkochen kannst.&nbsp;Bitte lies jedes Rezept erst ganz durch, bevor Du anf\u00e4ngst. Es hilft Dir, den Ablauf zu planen. Ich selbst habe bestimmte Nahrungsmittel-Allergien. So wirst Du bei mir keine Rezepte mit z.B. Sellerie oder Haseln\u00fcssen finden. Viele Obstsorten vertrage ich nur gegart; allerdings ist gegartes Obst f\u00fcr jeden viel besser verdaulich als im Rohzustand. Du profitierst also nur davon!\u00a0 Sollten meine Rezepte Fisch oder Fleisch enthalten, versuche ich Dir &#8211; wann immer m\u00f6glich &#8211; eine vegetarische Alternative aufzuzeigen. Nat\u00fcrlich nur, wenn das Sinn macht. Den Vorschlag findest Du dann am Ende des Rezepts. Ich kaufe Obst, Gem\u00fcse und Fleisch vornehmlich in Bio-Qualit\u00e4t oder von regionalen Anbietern. Und bitte gerne saisonal. Mein Fisch kommt aus zertifizierter Zucht oder nachhaltiger Fischerei. Ich wei\u00df, dass das Thema komplex ist, aber hier soll es um Genuss gehen und nicht um Umweltpolitik. Ich versuche einfach, diese Dinge in meinem kleinen Rahmen so gut wie m\u00f6glich zu handhaben. Jeder hat einen eigenen Geschmack, also bitte probiere zwischendurch immer wieder und passe die W\u00fcrze an Deinen pers\u00f6nlichen Geschmack an!&nbsp; Vertraue auf Dein Gef\u00fchl und sei mutig! Auf geht\u2019s!<\/p>\n","protected":false},"author":1,"featured_media":0,"parent":0,"menu_order":0,"comment_status":"closed","ping_status":"closed","template":"","meta":{"footnotes":""},"class_list":["post-92","page","type-page","status-publish","hentry"],"yoast_head":"<!-- This site is optimized with the Yoast SEO plugin v27.5 - https:\/\/yoast.com\/product\/yoast-seo-wordpress\/ -->\n<title>Bevor Du mit dem Kochen anf\u00e4ngst - ODETTE KOCHT<\/title>\n<meta name=\"description\" content=\"Bevor Du mit dem Kochen anf\u00e4ngst, solltest Du das hier lesen! Ein paar Bemerkungen zum Umgang mit meinen Rezepten. Auf geht&#039;s!\" \/>\n<meta name=\"robots\" content=\"index, follow, max-snippet:-1, max-image-preview:large, max-video-preview:-1\" \/>\n<link rel=\"canonical\" href=\"https:\/\/odettekocht.de\/de\/bevor-du-anfaengst\/\" \/>\n<meta property=\"og:locale\" content=\"de_DE\" \/>\n<meta property=\"og:type\" content=\"article\" \/>\n<meta property=\"og:title\" content=\"Bevor Du mit dem Kochen anf\u00e4ngst - ODETTE KOCHT\" \/>\n<meta property=\"og:description\" content=\"Bevor Du mit dem Kochen anf\u00e4ngst, solltest Du das hier lesen! Ein paar Bemerkungen zum Umgang mit meinen Rezepten. Auf geht&#039;s!\" \/>\n<meta property=\"og:url\" content=\"https:\/\/odettekocht.de\/de\/bevor-du-anfaengst\/\" \/>\n<meta property=\"og:site_name\" content=\"ODETTE KOCHT\" \/>\n<meta property=\"article:modified_time\" content=\"2020-07-19T20:17:41+00:00\" \/>\n<meta name=\"twitter:card\" content=\"summary_large_image\" \/>\n<meta name=\"twitter:label1\" content=\"Gesch\u00e4tzte Lesezeit\" \/>\n\t<meta name=\"twitter:data1\" content=\"1\u00a0Minute\" \/>\n<script type=\"application\/ld+json\" class=\"yoast-schema-graph\">{\"@context\":\"https:\\\/\\\/schema.org\",\"@graph\":[{\"@type\":\"WebPage\",\"@id\":\"https:\\\/\\\/odettekocht.de\\\/de\\\/bevor-du-anfaengst\\\/\",\"url\":\"https:\\\/\\\/odettekocht.de\\\/de\\\/bevor-du-anfaengst\\\/\",\"name\":\"Bevor Du mit dem Kochen anf\u00e4ngst - ODETTE KOCHT\",\"isPartOf\":{\"@id\":\"https:\\\/\\\/odettekocht.de\\\/de\\\/#website\"},\"datePublished\":\"2020-02-17T20:16:49+00:00\",\"dateModified\":\"2020-07-19T20:17:41+00:00\",\"description\":\"Bevor Du mit dem Kochen anf\u00e4ngst, solltest Du das hier lesen! Ein paar Bemerkungen zum Umgang mit meinen Rezepten. Auf geht's!\",\"breadcrumb\":{\"@id\":\"https:\\\/\\\/odettekocht.de\\\/de\\\/bevor-du-anfaengst\\\/#breadcrumb\"},\"inLanguage\":\"de\",\"potentialAction\":[{\"@type\":\"ReadAction\",\"target\":[\"https:\\\/\\\/odettekocht.de\\\/de\\\/bevor-du-anfaengst\\\/\"]}]},{\"@type\":\"BreadcrumbList\",\"@id\":\"https:\\\/\\\/odettekocht.de\\\/de\\\/bevor-du-anfaengst\\\/#breadcrumb\",\"itemListElement\":[{\"@type\":\"ListItem\",\"position\":1,\"name\":\"Startseite\",\"item\":\"https:\\\/\\\/odettekocht.de\\\/de\\\/\"},{\"@type\":\"ListItem\",\"position\":2,\"name\":\"Bevor Du mit dem Kochen anf\u00e4ngst\"}]},{\"@type\":\"WebSite\",\"@id\":\"https:\\\/\\\/odettekocht.de\\\/de\\\/#website\",\"url\":\"https:\\\/\\\/odettekocht.de\\\/de\\\/\",\"name\":\"ODETTE KOCHT\",\"description\":\"QUERBEET | KREATIV | NEUGIERIG\",\"publisher\":{\"@id\":\"https:\\\/\\\/odettekocht.de\\\/de\\\/#\\\/schema\\\/person\\\/a18de4234a9756c34375e14890d733f7\"},\"potentialAction\":[{\"@type\":\"SearchAction\",\"target\":{\"@type\":\"EntryPoint\",\"urlTemplate\":\"https:\\\/\\\/odettekocht.de\\\/de\\\/?s={search_term_string}\"},\"query-input\":{\"@type\":\"PropertyValueSpecification\",\"valueRequired\":true,\"valueName\":\"search_term_string\"}}],\"inLanguage\":\"de\"},{\"@type\":[\"Person\",\"Organization\"],\"@id\":\"https:\\\/\\\/odettekocht.de\\\/de\\\/#\\\/schema\\\/person\\\/a18de4234a9756c34375e14890d733f7\",\"name\":\"Odette\",\"logo\":{\"@id\":\"https:\\\/\\\/odettekocht.de\\\/de\\\/#\\\/schema\\\/person\\\/image\\\/\"}}]}<\/script>\n<!-- \/ Yoast SEO plugin. -->","yoast_head_json":{"title":"Bevor Du mit dem Kochen anf\u00e4ngst - ODETTE KOCHT","description":"Bevor Du mit dem Kochen anf\u00e4ngst, solltest Du das hier lesen! Ein paar Bemerkungen zum Umgang mit meinen Rezepten. Auf geht's!","robots":{"index":"index","follow":"follow","max-snippet":"max-snippet:-1","max-image-preview":"max-image-preview:large","max-video-preview":"max-video-preview:-1"},"canonical":"https:\/\/odettekocht.de\/de\/bevor-du-anfaengst\/","og_locale":"de_DE","og_type":"article","og_title":"Bevor Du mit dem Kochen anf\u00e4ngst - ODETTE KOCHT","og_description":"Bevor Du mit dem Kochen anf\u00e4ngst, solltest Du das hier lesen! Ein paar Bemerkungen zum Umgang mit meinen Rezepten. Auf geht's!","og_url":"https:\/\/odettekocht.de\/de\/bevor-du-anfaengst\/","og_site_name":"ODETTE KOCHT","article_modified_time":"2020-07-19T20:17:41+00:00","twitter_card":"summary_large_image","twitter_misc":{"Gesch\u00e4tzte Lesezeit":"1\u00a0Minute"},"schema":{"@context":"https:\/\/schema.org","@graph":[{"@type":"WebPage","@id":"https:\/\/odettekocht.de\/de\/bevor-du-anfaengst\/","url":"https:\/\/odettekocht.de\/de\/bevor-du-anfaengst\/","name":"Bevor Du mit dem Kochen anf\u00e4ngst - ODETTE KOCHT","isPartOf":{"@id":"https:\/\/odettekocht.de\/de\/#website"},"datePublished":"2020-02-17T20:16:49+00:00","dateModified":"2020-07-19T20:17:41+00:00","description":"Bevor Du mit dem Kochen anf\u00e4ngst, solltest Du das hier lesen! Ein paar Bemerkungen zum Umgang mit meinen Rezepten. Auf geht's!","breadcrumb":{"@id":"https:\/\/odettekocht.de\/de\/bevor-du-anfaengst\/#breadcrumb"},"inLanguage":"de","potentialAction":[{"@type":"ReadAction","target":["https:\/\/odettekocht.de\/de\/bevor-du-anfaengst\/"]}]},{"@type":"BreadcrumbList","@id":"https:\/\/odettekocht.de\/de\/bevor-du-anfaengst\/#breadcrumb","itemListElement":[{"@type":"ListItem","position":1,"name":"Startseite","item":"https:\/\/odettekocht.de\/de\/"},{"@type":"ListItem","position":2,"name":"Bevor Du mit dem Kochen anf\u00e4ngst"}]},{"@type":"WebSite","@id":"https:\/\/odettekocht.de\/de\/#website","url":"https:\/\/odettekocht.de\/de\/","name":"ODETTE KOCHT","description":"QUERBEET | KREATIV | NEUGIERIG","publisher":{"@id":"https:\/\/odettekocht.de\/de\/#\/schema\/person\/a18de4234a9756c34375e14890d733f7"},"potentialAction":[{"@type":"SearchAction","target":{"@type":"EntryPoint","urlTemplate":"https:\/\/odettekocht.de\/de\/?s={search_term_string}"},"query-input":{"@type":"PropertyValueSpecification","valueRequired":true,"valueName":"search_term_string"}}],"inLanguage":"de"},{"@type":["Person","Organization"],"@id":"https:\/\/odettekocht.de\/de\/#\/schema\/person\/a18de4234a9756c34375e14890d733f7","name":"Odette","logo":{"@id":"https:\/\/odettekocht.de\/de\/#\/schema\/person\/image\/"}}]}},"acf":[],"_links":{"self":[{"href":"https:\/\/odettekocht.de\/de\/wp-json\/wp\/v2\/pages\/92","targetHints":{"allow":["GET"]}}],"collection":[{"href":"https:\/\/odettekocht.de\/de\/wp-json\/wp\/v2\/pages"}],"about":[{"href":"https:\/\/odettekocht.de\/de\/wp-json\/wp\/v2\/types\/page"}],"author":[{"embeddable":true,"href":"https:\/\/odettekocht.de\/de\/wp-json\/wp\/v2\/users\/1"}],"replies":[{"embeddable":true,"href":"https:\/\/odettekocht.de\/de\/wp-json\/wp\/v2\/comments?post=92"}],"version-history":[{"count":5,"href":"https:\/\/odettekocht.de\/de\/wp-json\/wp\/v2\/pages\/92\/revisions"}],"predecessor-version":[{"id":529,"href":"https:\/\/odettekocht.de\/de\/wp-json\/wp\/v2\/pages\/92\/revisions\/529"}],"wp:attachment":[{"href":"https:\/\/odettekocht.de\/de\/wp-json\/wp\/v2\/media?parent=92"}],"curies":[{"name":"wp","href":"https:\/\/api.w.org\/{rel}","templated":true}]}}